{"id":5,"date":"2021-09-21T11:48:14","date_gmt":"2021-09-21T09:48:14","guid":{"rendered":"https:\/\/duarte-marine-services.com\/?page_id=5"},"modified":"2024-03-26T16:16:50","modified_gmt":"2024-03-26T15:16:50","slug":"transport-bateaux-duarte-marine-services","status":"publish","type":"page","link":"https:\/\/www.duarte-marine-services.com\/","title":{"rendered":"transport-bateaux-duarte-marine-services"},"content":{"rendered":"\t\t<div data-elementor-type=\"wp-page\" data-elementor-id=\"5\" class=\"elementor elementor-5\">\n\t\t\t\t\t\t<section class=\"elementor-section elementor-top-section elementor-element elementor-element-24367f6 elementor-section-full_width elementor-section-height-min-height elementor-section-content-middle elementor-section-stretched elementor-section-height-default elementor-section-items-middle\" data-id=\"24367f6\" data-element_type=\"section\" data-settings=\"{&quot;stretch_section&quot;:&quot;section-stretched&quot;}\">\n\t\t\t\t\t\t<div class=\"elementor-container elementor-column-gap-custom\">\n\t\t\t\t\t<div class=\"elementor-column elementor-col-100 elementor-top-column elementor-element elementor-element-61b344e\" data-id=\"61b344e\" data-element_type=\"column\">\n\t\t\t<div class=\"elementor-widget-wrap elementor-element-populated\">\n\t\t\t\t\t\t<div class=\"elementor-element elementor-element-73f499e elementor-widget elementor-widget-sina_banner_slider\" data-id=\"73f499e\" data-element_type=\"widget\" data-widget_type=\"sina_banner_slider.default\">\n\t\t\t\t<div class=\"elementor-widget-container\">\n\t\t\t\t\t\t\t<div class=\"sina-banner-slider owl-carousel\"\r\n\t\tdata-autoplay=\"yes\"\r\n\t\tdata-pause=\"yes\"\r\n\t\tdata-nav=\"yes\"\r\n\t\tdata-dots=\"yes\"\r\n\t\tdata-mouse-drag=\"yes\"\r\n\t\tdata-touch-drag=\"yes\"\r\n\t\tdata-loop=\"yes\"\r\n\t\tdata-speed=\"\"\r\n\t\tdata-part-anim=\"yes\"\r\n\t\tdata-delay=\"5000\">\r\n\r\n\t\t\t\t\t\t\t<div class=\"sina-slider-content sina-bg-cover\" style=\"background-image: url(https:\/\/www.duarte-marine-services.com\/wp-content\/uploads\/2021\/09\/duarte-marine-01.jpg);\">\r\n\t\t\t\t\t\t\t\t\t\t\t<div class=\"sina-overlay\"><\/div>\r\n\t\t\t\t\t\r\n\t\t\t\t\t<div class=\"sina-banner-container elementor-repeater-item-5a0d228\">\r\n\r\n\t\t\t\t\t\t\t\t\t\t\t\t\t\t\t\t\t\t\t\t<h1 class=\"sina-banner-title sina-anim-invisible\" data-animation=\"animated zoomIn\">Duarte Marine Services<\/h1>\t\t\t\t\t\t\r\n\t\t\t\t\t\t\t\t\t\t\t\t\t<h2 class=\"sina-banner-subtitle sina-anim-invisible\" data-animation=\"animated fadeInRight\">Transport de bateaux<\/h2>\t\t\t\t\t\t\r\n\t\t\t\t\t\t\t\t\t\t\t\t\t<div class=\"sina-banner-desc sina-anim-invisible\" data-animation=\"animated fadeInUp\">Partout en France et en Europe<\/div>\t\t\t\t\t\t\r\n\t\t\t\t\t\t\t\t\t\t\t\t\t<div class=\"sina-banner-btns sina-anim-invisible\" data-animation=\"animated fadeInUp\">\r\n\t\t\t\t\t\t\t\t\t\t\t\t\t\t\t\t\t<a class=\"sina-banner-pbtn   \"\r\n\t\t\t\t\t\t\t\t\t\t\t\t\t\t\t\t\t\thref=\"tel:+33619566455\"\r\n\t\t\t\t\t\t\t\t\t\t\t\t\t\t\t\t\t\t>\r\n\t\t\t\t\t\t\t\t\t\t\t\tAppelez nous\t\t\t\t\t<i class=\"icofont icofont-ui-cell-phone sina-icon-right\"><\/i>\r\n\t\t\t\t\t\t\t\t\t\t\t\t<\/a>\r\n\t\t\t\t\t\t\t\t\r\n\t\t\t\t\t\t\t\t\t\t\t\t\t\t\t\t\t<a class=\"sina-banner-sbtn   \"\r\n\t\t\t\t\t\t\t\t\t\t\t\t\t\t\t\t\t\thref=\"https:\/\/www.duarte-marine-services.com\/index.php\/contact-duarte-marine-services-2\/\"\r\n\t\t\t\t\t\t\t\t\t\t\t\t\t\t\t\t\t\t>\r\n\t\t\t\t\t\t\t\t\t\t\t\tContactez nous\t\t\t\t\t<i class=\"icofont icofont-ui-email sina-icon-right\"><\/i>\r\n\t\t\t\t\t\t\t\t\t\t\t\t<\/a>\r\n\t\t\t\t\t\t\t\t\t\t\t\t\t\t\t<\/div>\r\n\t\t\t\t\t\t\t\t\t\t\t<\/div>\r\n\t\t\t\t<\/div>\r\n\t\t\t\t\t\t\t<div class=\"sina-slider-content sina-bg-cover\" style=\"background-image: url(https:\/\/www.duarte-marine-services.com\/wp-content\/uploads\/2021\/09\/duarte-marine-02.jpg);\">\r\n\t\t\t\t\t\t\t\t\t\t\t<div class=\"sina-overlay\"><\/div>\r\n\t\t\t\t\t\r\n\t\t\t\t\t<div class=\"sina-banner-container elementor-repeater-item-346d22a\">\r\n\r\n\t\t\t\t\t\t\t\t\t\t\t\t\t\t\t\t\t\t\t\t<h1 class=\"sina-banner-title sina-anim-invisible\" data-animation=\"animated zoomIn\">Duarte Marine Services<\/h1>\t\t\t\t\t\t\r\n\t\t\t\t\t\t\t\t\t\t\t\t\t<h2 class=\"sina-banner-subtitle sina-anim-invisible\" data-animation=\"animated fadeInRight\">Transport de voiliers<\/h2>\t\t\t\t\t\t\r\n\t\t\t\t\t\t\t\t\t\t\t\t\t<div class=\"sina-banner-desc sina-anim-invisible\" data-animation=\"animated fadeInUp\">Partout en France et en Europe<\/div>\t\t\t\t\t\t\r\n\t\t\t\t\t\t\t\t\t\t\t\t\t<div class=\"sina-banner-btns sina-anim-invisible\" data-animation=\"animated fadeInUp\">\r\n\t\t\t\t\t\t\t\t\t\t\t\t\t\t\t\t\t<a class=\"sina-banner-pbtn   \"\r\n\t\t\t\t\t\t\t\t\t\t\t\t\t\t\t\t\t\thref=\"tel:+33619566455\"\r\n\t\t\t\t\t\t\t\t\t\t\t\t\t\t\t\t\t\t>\r\n\t\t\t\t\t\t\t\t\t\t\t\tAppelez nous\t\t\t\t\t<i class=\"icofont icofont-ui-cell-phone sina-icon-right\"><\/i>\r\n\t\t\t\t\t\t\t\t\t\t\t\t<\/a>\r\n\t\t\t\t\t\t\t\t\r\n\t\t\t\t\t\t\t\t\t\t\t\t\t\t\t\t\t<a class=\"sina-banner-sbtn   \"\r\n\t\t\t\t\t\t\t\t\t\t\t\t\t\t\t\t\t\thref=\"https:\/\/www.duarte-marine-services.com\/index.php\/contact-duarte-marine-services-2\/\"\r\n\t\t\t\t\t\t\t\t\t\t\t\t\t\t\t\t\t\t>\r\n\t\t\t\t\t\t\t\t\t\t\t\tContactez nous\t\t\t\t\t<i class=\"icofont icofont-ui-email sina-icon-right\"><\/i>\r\n\t\t\t\t\t\t\t\t\t\t\t\t<\/a>\r\n\t\t\t\t\t\t\t\t\t\t\t\t\t\t\t<\/div>\r\n\t\t\t\t\t\t\t\t\t\t\t<\/div>\r\n\t\t\t\t<\/div>\r\n\t\t\t\t\t<\/div><!-- .sina-banner-slider -->\r\n\t\t\t\t\t\t<\/div>\n\t\t\t\t<\/div>\n\t\t\t\t\t<\/div>\n\t\t<\/div>\n\t\t\t\t\t<\/div>\n\t\t<\/section>\n\t\t\t\t<section class=\"elementor-section elementor-top-section elementor-element elementor-element-1a2e733 elementor-section-stretched elementor-section-boxed elementor-section-height-default elementor-section-height-default\" data-id=\"1a2e733\" data-element_type=\"section\" data-settings=\"{&quot;stretch_section&quot;:&quot;section-stretched&quot;}\">\n\t\t\t\t\t\t<div class=\"elementor-container elementor-column-gap-default\">\n\t\t\t\t\t<div class=\"elementor-column elementor-col-100 elementor-top-column elementor-element elementor-element-8278b2b\" data-id=\"8278b2b\" data-element_type=\"column\">\n\t\t\t<div class=\"elementor-widget-wrap elementor-element-populated\">\n\t\t\t\t\t\t<div class=\"elementor-element elementor-element-318fc0c elementor-invisible elementor-widget elementor-widget-heading\" data-id=\"318fc0c\" data-element_type=\"widget\" data-settings=\"{&quot;_animation&quot;:&quot;fadeIn&quot;}\" data-widget_type=\"heading.default\">\n\t\t\t\t<div class=\"elementor-widget-container\">\n\t\t\t\t\t<h1 class=\"elementor-heading-title elementor-size-default\">Confiez le transport de votre bateaux \u00e0 un professionnel<\/h1>\t\t\t\t<\/div>\n\t\t\t\t<\/div>\n\t\t\t\t<div class=\"elementor-element elementor-element-d0db686 elementor-widget elementor-widget-text-editor\" data-id=\"d0db686\" data-element_type=\"widget\" data-widget_type=\"text-editor.default\">\n\t\t\t\t<div class=\"elementor-widget-container\">\n\t\t\t\t\t\t\t\t\t<p>Duarte Marine Services est une entreprise sp\u00e9cialis\u00e9e dans le transport de bateaux \u00e0 jusqu&rsquo;\u00e0 20m par la route.<\/p>\t\t\t\t\t\t\t\t<\/div>\n\t\t\t\t<\/div>\n\t\t\t\t<div class=\"elementor-element elementor-element-895e1d3 elementor-invisible elementor-widget elementor-widget-heading\" data-id=\"895e1d3\" data-element_type=\"widget\" data-settings=\"{&quot;_animation&quot;:&quot;fadeIn&quot;}\" data-widget_type=\"heading.default\">\n\t\t\t\t<div class=\"elementor-widget-container\">\n\t\t\t\t\t<h2 class=\"elementor-heading-title elementor-size-default\">Le sp\u00e9cialiste du transport de bateaux et de voiliers<\/h2>\t\t\t\t<\/div>\n\t\t\t\t<\/div>\n\t\t\t\t<div class=\"elementor-element elementor-element-35b4cba elementor-widget elementor-widget-text-editor\" data-id=\"35b4cba\" data-element_type=\"widget\" data-widget_type=\"text-editor.default\">\n\t\t\t\t<div class=\"elementor-widget-container\">\n\t\t\t\t\t\t\t\t\t<p>Bas\u00e9e \u00e0 Vallauris, \u00e0 quelques kilom\u00e8tres de Cannes seulement, notre soci\u00e9t\u00e9 est experte depuis de nombreuses ann\u00e9es en transport de bateaux sur la Cote d&rsquo;Azur et partout en Europe. Nous assurons avec s\u00e9rieux et professionnalisme le transport de voiliers et de bateaux en tous genres pouvant atteindre 20 m\u00e8tres de longueur. Nous prenons \u00e9galement en charge le transport de materiel nautique.<br \/><br \/>Notre exp\u00e9rience et notre savoir-faire en mati\u00e8re de transport de bateaux en camion par la route nous permettent de vous proposer un service rapide et enti\u00e8rement s\u00e9curis\u00e9. Nos prestations s\u2019adressent tout aussi bien aux particuliers qu\u2019aux professionnels.<\/p>\t\t\t\t\t\t\t\t<\/div>\n\t\t\t\t<\/div>\n\t\t\t\t<div class=\"elementor-element elementor-element-f3d1ed2 elementor-invisible elementor-widget elementor-widget-heading\" data-id=\"f3d1ed2\" data-element_type=\"widget\" data-settings=\"{&quot;_animation&quot;:&quot;fadeIn&quot;}\" data-widget_type=\"heading.default\">\n\t\t\t\t<div class=\"elementor-widget-container\">\n\t\t\t\t\t<h2 class=\"elementor-heading-title elementor-size-default\">Une prise en charge compl\u00e8te du transport<\/h2>\t\t\t\t<\/div>\n\t\t\t\t<\/div>\n\t\t\t\t<div class=\"elementor-element elementor-element-5ef65d4 elementor-widget elementor-widget-text-editor\" data-id=\"5ef65d4\" data-element_type=\"widget\" data-widget_type=\"text-editor.default\">\n\t\t\t\t<div class=\"elementor-widget-container\">\n\t\t\t\t\t\t\t\t\t<p>Notre soci\u00e9t\u00e9 se charge de l\u2019int\u00e9gralit\u00e9 des op\u00e9rations de manutention et de logistique, du chargement depuis son emplacement dans le port au d\u00e9chargement. Cela repr\u00e9sente pour vous un v\u00e9ritable gain de tranquillit\u00e9 et s\u00e9r\u00e9nit\u00e9.<\/p><p>Nous assurons \u00e9galement la pr\u00e9paration du bateaux avant transport pour vous garantir un d\u00e9placement de votre navire par la route en toute s\u00e9curit\u00e9 (emballage, d\u00e9m\u00e2tage, d\u00e9montage des accessoires divers, etc.).<\/p>\t\t\t\t\t\t\t\t<\/div>\n\t\t\t\t<\/div>\n\t\t\t\t<div class=\"elementor-element elementor-element-c89564c elementor-invisible elementor-widget elementor-widget-heading\" data-id=\"c89564c\" data-element_type=\"widget\" data-settings=\"{&quot;_animation&quot;:&quot;fadeIn&quot;}\" data-widget_type=\"heading.default\">\n\t\t\t\t<div class=\"elementor-widget-container\">\n\t\t\t\t\t<h2 class=\"elementor-heading-title elementor-size-default\">Un transport de bateaux en France et en Europe<\/h2>\t\t\t\t<\/div>\n\t\t\t\t<\/div>\n\t\t\t\t<div class=\"elementor-element elementor-element-f24f471 elementor-widget elementor-widget-text-editor\" data-id=\"f24f471\" data-element_type=\"widget\" data-widget_type=\"text-editor.default\">\n\t\t\t\t<div class=\"elementor-widget-container\">\n\t\t\t\t\t\t\t\t\t<p>Notre expertise en mati\u00e8re d\u2019itin\u00e9raire routier nous permet de s\u00e9lectionner le trajet le plus adapt\u00e9 aux contraintes de tansport de bateaux en France en Italie en Espagne au Portugal et partout ailleurs en Europe. N\u2019h\u00e9sitez pas \u00e0 nous confier \u00e9galement le transport de bateaux sur les \u00e9v\u00e9nements nautique et salons, o\u00f9 qu\u2019ils soient organis\u00e9s.<\/p>\t\t\t\t\t\t\t\t<\/div>\n\t\t\t\t<\/div>\n\t\t\t\t\t<\/div>\n\t\t<\/div>\n\t\t\t\t\t<\/div>\n\t\t<\/section>\n\t\t\t\t<\/div>\n\t\t","protected":false},"excerpt":{"rendered":"<p>Duarte Marine Services Transport de bateaux Partout en France et en Europe Appelez nous Contactez nous Duarte Marine Services Transport de voiliers Partout en France et en Europe Appelez nous Contactez nous Confiez le transport de votre bateaux \u00e0 un professionnel Duarte Marine Services est une entreprise sp\u00e9cialis\u00e9e dans le transport de bateaux \u00e0 jusqu&rsquo;\u00e0 [&hellip;]<\/p>\n","protected":false},"author":1,"featured_media":0,"parent":0,"menu_order":0,"comment_status":"closed","ping_status":"closed","template":"","meta":{"footnotes":""},"yoast_head":"<!-- This site is optimized with the Yoast SEO plugin v22.6 - https:\/\/yoast.com\/wordpress\/plugins\/seo\/ -->\n<title>Transport de bateaux par la route | Duarte Marine Services<\/title>\n<meta name=\"description\" content=\"Transport de bateaux \u00e0 moteurs et de voiliers par la route, partout en France et en Europe. Duarte Marine Services\" \/>\n<meta name=\"robots\" content=\"index, follow, max-snippet:-1, max-image-preview:large, max-video-preview:-1\" \/>\n<link rel=\"canonical\" href=\"https:\/\/www.duarte-marine-services.com\/\" \/>\n<meta property=\"og:locale\" content=\"fr_FR\" \/>\n<meta property=\"og:type\" content=\"article\" \/>\n<meta property=\"og:title\" content=\"Transport de bateaux par la route | Duarte Marine Services\" \/>\n<meta property=\"og:description\" content=\"Transport de bateaux \u00e0 moteurs et de voiliers par la route, partout en France et en Europe. Duarte Marine Services\" \/>\n<meta property=\"og:url\" content=\"https:\/\/www.duarte-marine-services.com\/\" \/>\n<meta property=\"og:site_name\" content=\"Duarte Marine Services\" \/>\n<meta property=\"article:modified_time\" content=\"2024-03-26T15:16:50+00:00\" \/>\n<meta name=\"twitter:card\" content=\"summary_large_image\" \/>\n<meta name=\"twitter:label1\" content=\"Dur\u00e9e de lecture estim\u00e9e\" \/>\n\t<meta name=\"twitter:data1\" content=\"2 minutes\" \/>\n<script type=\"application\/ld+json\" class=\"yoast-schema-graph\">{\"@context\":\"https:\/\/schema.org\",\"@graph\":[{\"@type\":\"WebPage\",\"@id\":\"https:\/\/www.duarte-marine-services.com\/\",\"url\":\"https:\/\/www.duarte-marine-services.com\/\",\"name\":\"Transport de bateaux par la route | Duarte Marine Services\",\"isPartOf\":{\"@id\":\"https:\/\/www.duarte-marine-services.com\/#website\"},\"datePublished\":\"2021-09-21T09:48:14+00:00\",\"dateModified\":\"2024-03-26T15:16:50+00:00\",\"description\":\"Transport de bateaux \u00e0 moteurs et de voiliers par la route, partout en France et en Europe. Duarte Marine Services\",\"breadcrumb\":{\"@id\":\"https:\/\/www.duarte-marine-services.com\/#breadcrumb\"},\"inLanguage\":\"fr-FR\",\"potentialAction\":[{\"@type\":\"ReadAction\",\"target\":[\"https:\/\/www.duarte-marine-services.com\/\"]}]},{\"@type\":\"BreadcrumbList\",\"@id\":\"https:\/\/www.duarte-marine-services.com\/#breadcrumb\",\"itemListElement\":[{\"@type\":\"ListItem\",\"position\":1,\"name\":\"Accueil\",\"item\":\"https:\/\/www.duarte-marine-services.com\/\"},{\"@type\":\"ListItem\",\"position\":2,\"name\":\"transport-bateaux-duarte-marine-services\"}]},{\"@type\":\"WebSite\",\"@id\":\"https:\/\/www.duarte-marine-services.com\/#website\",\"url\":\"https:\/\/www.duarte-marine-services.com\/\",\"name\":\"Duarte Marine Services\",\"description\":\"Transport de bateaux\",\"publisher\":{\"@id\":\"https:\/\/www.duarte-marine-services.com\/#organization\"},\"potentialAction\":[{\"@type\":\"SearchAction\",\"target\":{\"@type\":\"EntryPoint\",\"urlTemplate\":\"https:\/\/www.duarte-marine-services.com\/?s={search_term_string}\"},\"query-input\":\"required name=search_term_string\"}],\"inLanguage\":\"fr-FR\"},{\"@type\":\"Organization\",\"@id\":\"https:\/\/www.duarte-marine-services.com\/#organization\",\"name\":\"Duarte Marine Services\",\"url\":\"https:\/\/www.duarte-marine-services.com\/\",\"logo\":{\"@type\":\"ImageObject\",\"inLanguage\":\"fr-FR\",\"@id\":\"https:\/\/www.duarte-marine-services.com\/#\/schema\/logo\/image\/\",\"url\":\"https:\/\/www.duarte-marine-services.com\/wp-content\/uploads\/2021\/10\/logo-duarte-marine-services-21.png\",\"contentUrl\":\"https:\/\/www.duarte-marine-services.com\/wp-content\/uploads\/2021\/10\/logo-duarte-marine-services-21.png\",\"width\":500,\"height\":138,\"caption\":\"Duarte Marine Services\"},\"image\":{\"@id\":\"https:\/\/www.duarte-marine-services.com\/#\/schema\/logo\/image\/\"}}]}<\/script>\n<!-- \/ Yoast SEO plugin. -->","yoast_head_json":{"title":"Transport de bateaux par la route | Duarte Marine Services","description":"Transport de bateaux \u00e0 moteurs et de voiliers par la route, partout en France et en Europe. Duarte Marine Services","robots":{"index":"index","follow":"follow","max-snippet":"max-snippet:-1","max-image-preview":"max-image-preview:large","max-video-preview":"max-video-preview:-1"},"canonical":"https:\/\/www.duarte-marine-services.com\/","og_locale":"fr_FR","og_type":"article","og_title":"Transport de bateaux par la route | Duarte Marine Services","og_description":"Transport de bateaux \u00e0 moteurs et de voiliers par la route, partout en France et en Europe. Duarte Marine Services","og_url":"https:\/\/www.duarte-marine-services.com\/","og_site_name":"Duarte Marine Services","article_modified_time":"2024-03-26T15:16:50+00:00","twitter_card":"summary_large_image","twitter_misc":{"Dur\u00e9e de lecture estim\u00e9e":"2 minutes"},"schema":{"@context":"https:\/\/schema.org","@graph":[{"@type":"WebPage","@id":"https:\/\/www.duarte-marine-services.com\/","url":"https:\/\/www.duarte-marine-services.com\/","name":"Transport de bateaux par la route | Duarte Marine Services","isPartOf":{"@id":"https:\/\/www.duarte-marine-services.com\/#website"},"datePublished":"2021-09-21T09:48:14+00:00","dateModified":"2024-03-26T15:16:50+00:00","description":"Transport de bateaux \u00e0 moteurs et de voiliers par la route, partout en France et en Europe. Duarte Marine Services","breadcrumb":{"@id":"https:\/\/www.duarte-marine-services.com\/#breadcrumb"},"inLanguage":"fr-FR","potentialAction":[{"@type":"ReadAction","target":["https:\/\/www.duarte-marine-services.com\/"]}]},{"@type":"BreadcrumbList","@id":"https:\/\/www.duarte-marine-services.com\/#breadcrumb","itemListElement":[{"@type":"ListItem","position":1,"name":"Accueil","item":"https:\/\/www.duarte-marine-services.com\/"},{"@type":"ListItem","position":2,"name":"transport-bateaux-duarte-marine-services"}]},{"@type":"WebSite","@id":"https:\/\/www.duarte-marine-services.com\/#website","url":"https:\/\/www.duarte-marine-services.com\/","name":"Duarte Marine Services","description":"Transport de bateaux","publisher":{"@id":"https:\/\/www.duarte-marine-services.com\/#organization"},"potentialAction":[{"@type":"SearchAction","target":{"@type":"EntryPoint","urlTemplate":"https:\/\/www.duarte-marine-services.com\/?s={search_term_string}"},"query-input":"required name=search_term_string"}],"inLanguage":"fr-FR"},{"@type":"Organization","@id":"https:\/\/www.duarte-marine-services.com\/#organization","name":"Duarte Marine Services","url":"https:\/\/www.duarte-marine-services.com\/","logo":{"@type":"ImageObject","inLanguage":"fr-FR","@id":"https:\/\/www.duarte-marine-services.com\/#\/schema\/logo\/image\/","url":"https:\/\/www.duarte-marine-services.com\/wp-content\/uploads\/2021\/10\/logo-duarte-marine-services-21.png","contentUrl":"https:\/\/www.duarte-marine-services.com\/wp-content\/uploads\/2021\/10\/logo-duarte-marine-services-21.png","width":500,"height":138,"caption":"Duarte Marine Services"},"image":{"@id":"https:\/\/www.duarte-marine-services.com\/#\/schema\/logo\/image\/"}}]}},"_links":{"self":[{"href":"https:\/\/www.duarte-marine-services.com\/index.php\/wp-json\/wp\/v2\/pages\/5"}],"collection":[{"href":"https:\/\/www.duarte-marine-services.com\/index.php\/wp-json\/wp\/v2\/pages"}],"about":[{"href":"https:\/\/www.duarte-marine-services.com\/index.php\/wp-json\/wp\/v2\/types\/page"}],"author":[{"embeddable":true,"href":"https:\/\/www.duarte-marine-services.com\/index.php\/wp-json\/wp\/v2\/users\/1"}],"replies":[{"embeddable":true,"href":"https:\/\/www.duarte-marine-services.com\/index.php\/wp-json\/wp\/v2\/comments?post=5"}],"version-history":[{"count":218,"href":"https:\/\/www.duarte-marine-services.com\/index.php\/wp-json\/wp\/v2\/pages\/5\/revisions"}],"predecessor-version":[{"id":476,"href":"https:\/\/www.duarte-marine-services.com\/index.php\/wp-json\/wp\/v2\/pages\/5\/revisions\/476"}],"wp:attachment":[{"href":"https:\/\/www.duarte-marine-services.com\/index.php\/wp-json\/wp\/v2\/media?parent=5"}],"curies":[{"name":"wp","href":"https:\/\/api.w.org\/{rel}","templated":true}]}}