{"id":295,"date":"2021-10-07T23:43:11","date_gmt":"2021-10-07T21:43:11","guid":{"rendered":"https:\/\/duarte-marine-services.com\/?page_id=295"},"modified":"2023-10-26T18:58:50","modified_gmt":"2023-10-26T16:58:50","slug":"contact-duarte-marine-services-2","status":"publish","type":"page","link":"https:\/\/www.duarte-marine-services.com\/index.php\/contact-duarte-marine-services-2\/","title":{"rendered":"contact-duarte-marine-services"},"content":{"rendered":"\t\t<div data-elementor-type=\"wp-page\" data-elementor-id=\"295\" class=\"elementor elementor-295\">\n\t\t\t\t\t\t<section class=\"elementor-section elementor-top-section elementor-element elementor-element-224537e elementor-section-full_width elementor-section-stretched elementor-section-height-default elementor-section-height-default elementor-invisible\" data-id=\"224537e\" data-element_type=\"section\" data-settings=\"{&quot;stretch_section&quot;:&quot;section-stretched&quot;,&quot;animation&quot;:&quot;fadeIn&quot;}\">\n\t\t\t\t\t\t<div class=\"elementor-container elementor-column-gap-no\">\n\t\t\t\t\t<div class=\"elementor-column elementor-col-100 elementor-top-column elementor-element elementor-element-67f03fa\" data-id=\"67f03fa\" data-element_type=\"column\">\n\t\t\t<div class=\"elementor-widget-wrap elementor-element-populated\">\n\t\t\t\t\t\t<div class=\"elementor-element elementor-element-1ff6761 elementor-widget elementor-widget-image\" data-id=\"1ff6761\" data-element_type=\"widget\" data-widget_type=\"image.default\">\n\t\t\t\t<div class=\"elementor-widget-container\">\n\t\t\t\t\t\t\t\t\t\t\t\t\t\t\t<img fetchpriority=\"high\" decoding=\"async\" width=\"1920\" height=\"701\" src=\"https:\/\/www.duarte-marine-services.com\/wp-content\/uploads\/2021\/10\/dms2021.jpg\" class=\"attachment-full size-full wp-image-300\" alt=\"\" srcset=\"https:\/\/www.duarte-marine-services.com\/wp-content\/uploads\/2021\/10\/dms2021.jpg 1920w, https:\/\/www.duarte-marine-services.com\/wp-content\/uploads\/2021\/10\/dms2021-300x110.jpg 300w, https:\/\/www.duarte-marine-services.com\/wp-content\/uploads\/2021\/10\/dms2021-1024x374.jpg 1024w, https:\/\/www.duarte-marine-services.com\/wp-content\/uploads\/2021\/10\/dms2021-768x280.jpg 768w, https:\/\/www.duarte-marine-services.com\/wp-content\/uploads\/2021\/10\/dms2021-1536x561.jpg 1536w\" sizes=\"(max-width: 1920px) 100vw, 1920px\" \/>\t\t\t\t\t\t\t\t\t\t\t\t\t\t\t<\/div>\n\t\t\t\t<\/div>\n\t\t\t\t\t<\/div>\n\t\t<\/div>\n\t\t\t\t\t<\/div>\n\t\t<\/section>\n\t\t\t\t<section class=\"elementor-section elementor-top-section elementor-element elementor-element-fd95a47 elementor-section-boxed elementor-section-height-default elementor-section-height-default\" data-id=\"fd95a47\" data-element_type=\"section\">\n\t\t\t\t\t\t<div class=\"elementor-container elementor-column-gap-default\">\n\t\t\t\t\t<div class=\"elementor-column elementor-col-100 elementor-top-column elementor-element elementor-element-1cd7a8a\" data-id=\"1cd7a8a\" data-element_type=\"column\">\n\t\t\t<div class=\"elementor-widget-wrap elementor-element-populated\">\n\t\t\t\t\t\t<div class=\"elementor-element elementor-element-af1f1fa elementor-widget elementor-widget-heading\" data-id=\"af1f1fa\" data-element_type=\"widget\" data-widget_type=\"heading.default\">\n\t\t\t\t<div class=\"elementor-widget-container\">\n\t\t\t\t\t<h2 class=\"elementor-heading-title elementor-size-default\">Contactez nous<\/h2>\t\t\t\t<\/div>\n\t\t\t\t<\/div>\n\t\t\t\t<div class=\"elementor-element elementor-element-de7b90a elementor-widget elementor-widget-text-editor\" data-id=\"de7b90a\" data-element_type=\"widget\" data-widget_type=\"text-editor.default\">\n\t\t\t\t<div class=\"elementor-widget-container\">\n\t\t\t\t\t\t\t\t\t<p>Vous puvez nous cnntacter directement par t\u00e9l\u00e9phone ou tout simplement en utilisant le formulaire ci dessous:<\/p><p>Bureau : 04 93 64 63 80<br \/>Portable: 06 19 56 64 55<\/p>\t\t\t\t\t\t\t\t<\/div>\n\t\t\t\t<\/div>\n\t\t\t\t<div class=\"elementor-element elementor-element-15aa9b2 elementor-widget elementor-widget-wpforms\" data-id=\"15aa9b2\" data-element_type=\"widget\" data-widget_type=\"wpforms.default\">\n\t\t\t\t<div class=\"elementor-widget-container\">\n\t\t\t\t\t<div class=\"wpforms-container wpforms-container-full\" id=\"wpforms-316\"><form id=\"wpforms-form-316\" class=\"wpforms-validate wpforms-form wpforms-ajax-form\" data-formid=\"316\" method=\"post\" enctype=\"multipart\/form-data\" action=\"\/index.php\/wp-json\/wp\/v2\/pages\/295\" data-token=\"2c14dc99558bcd597d056fdd85bb741e\" data-token-time=\"1778677244\"><noscript class=\"wpforms-error-noscript\">Veuillez activer JavaScript dans votre navigateur pour remplir ce formulaire.<\/noscript><div class=\"wpforms-field-container\"><div id=\"wpforms-316-field_0-container\" class=\"wpforms-field wpforms-field-name\" data-field-id=\"0\"><label class=\"wpforms-field-label\" for=\"wpforms-316-field_0\">Nom <span class=\"wpforms-required-label\">*<\/span><\/label><input type=\"text\" id=\"wpforms-316-field_0\" class=\"wpforms-field-medium wpforms-field-required\" name=\"wpforms[fields][0]\" required><\/div><div id=\"wpforms-316-field_1-container\" class=\"wpforms-field wpforms-field-email\" data-field-id=\"1\"><label class=\"wpforms-field-label\" for=\"wpforms-316-field_1\">Email <span class=\"wpforms-required-label\">*<\/span><\/label><input type=\"email\" id=\"wpforms-316-field_1\" class=\"wpforms-field-medium wpforms-field-required\" name=\"wpforms[fields][1]\" spellcheck=\"false\" required><\/div><div id=\"wpforms-316-field_5-container\" class=\"wpforms-field wpforms-field-select wpforms-field-select-style-classic\" data-field-id=\"5\"><label class=\"wpforms-field-label\" for=\"wpforms-316-field_5\">Type de bateau<\/label><select id=\"wpforms-316-field_5\" class=\"wpforms-field-medium\" name=\"wpforms[fields][5]\"><option value=\"Bateau moteur\"  class=\"choice-1 depth-1\"  >Bateau moteur<\/option><option value=\"Voilier\"  class=\"choice-2 depth-1\"  >Voilier<\/option><\/select><\/div><div id=\"wpforms-316-field_7-container\" class=\"wpforms-field wpforms-field-text\" data-field-id=\"7\"><label class=\"wpforms-field-label\" for=\"wpforms-316-field_7\">Ville de d\u00e9part <span class=\"wpforms-required-label\">*<\/span><\/label><input type=\"text\" id=\"wpforms-316-field_7\" class=\"wpforms-field-medium wpforms-field-required\" name=\"wpforms[fields][7]\" required><\/div><div id=\"wpforms-316-field_8-container\" class=\"wpforms-field wpforms-field-text\" data-field-id=\"8\"><label class=\"wpforms-field-label\" for=\"wpforms-316-field_8\">Ville d&#039;arriv\u00e9e <span class=\"wpforms-required-label\">*<\/span><\/label><input type=\"text\" id=\"wpforms-316-field_8\" class=\"wpforms-field-medium wpforms-field-required\" name=\"wpforms[fields][8]\" required><\/div><div id=\"wpforms-316-field_2-container\" class=\"wpforms-field wpforms-field-textarea\" data-field-id=\"2\"><label class=\"wpforms-field-label\" for=\"wpforms-316-field_2\">Date souhait\u00e9 et commentaire <span class=\"wpforms-required-label\">*<\/span><\/label><textarea id=\"wpforms-316-field_2\" class=\"wpforms-field-medium wpforms-field-required\" name=\"wpforms[fields][2]\" required><\/textarea><\/div><div id=\"wpforms-316-field_9-container\" class=\"wpforms-field wpforms-field-gdpr-checkbox\" data-field-id=\"9\"><label class=\"wpforms-field-label\">Accord RGPD <span class=\"wpforms-required-label\">*<\/span><\/label><ul id=\"wpforms-316-field_9\" class=\"wpforms-field-required\"><li class=\"choice-1\"><input type=\"checkbox\" id=\"wpforms-316-field_9_1\" name=\"wpforms[fields][9][]\" value=\"Je consens \u00e0 ce que ce site stocke mes informations envoy\u00e9es afin qu\u2019ils puissent r\u00e9pondre \u00e0 ma requ\u00eate.\" required ><label class=\"wpforms-field-label-inline\" for=\"wpforms-316-field_9_1\">Je consens \u00e0 ce que ce site stocke mes informations envoy\u00e9es afin qu\u2019ils puissent r\u00e9pondre \u00e0 ma requ\u00eate.<\/label><\/li><\/ul><\/div><\/div><!-- .wpforms-field-container --><div class=\"wpforms-submit-container\" ><input type=\"hidden\" name=\"wpforms[id]\" value=\"316\"><input type=\"hidden\" name=\"page_title\" value=\"\"><input type=\"hidden\" name=\"page_url\" value=\"https:\/\/www.duarte-marine-services.com\/index.php\/wp-json\/wp\/v2\/pages\/295\"><input type=\"hidden\" name=\"url_referer\" value=\"\"><button type=\"submit\" name=\"wpforms[submit]\" id=\"wpforms-submit-316\" class=\"wpforms-submit\" data-alt-text=\"En cours...\" data-submit-text=\"ENVOYER\" aria-live=\"assertive\" value=\"wpforms-submit\">ENVOYER<\/button><img decoding=\"async\" src=\"https:\/\/www.duarte-marine-services.com\/wp-content\/plugins\/wpforms-lite\/assets\/images\/submit-spin.svg\" class=\"wpforms-submit-spinner\" style=\"display: none;\" width=\"26\" height=\"26\" alt=\"Chargement en cours\"><\/div><\/form><\/div>  <!-- .wpforms-container -->\t\t\t\t<\/div>\n\t\t\t\t<\/div>\n\t\t\t\t\t<\/div>\n\t\t<\/div>\n\t\t\t\t\t<\/div>\n\t\t<\/section>\n\t\t\t\t<section class=\"elementor-section elementor-top-section elementor-element elementor-element-3789dcf elementor-section-boxed elementor-section-height-default elementor-section-height-default\" data-id=\"3789dcf\" data-element_type=\"section\">\n\t\t\t\t\t\t<div class=\"elementor-container elementor-column-gap-default\">\n\t\t\t\t\t<div class=\"elementor-column elementor-col-100 elementor-top-column elementor-element elementor-element-815eead\" data-id=\"815eead\" data-element_type=\"column\">\n\t\t\t<div class=\"elementor-widget-wrap elementor-element-populated\">\n\t\t\t\t\t\t<div class=\"elementor-element elementor-element-49a06a2 elementor-widget elementor-widget-sina_social_icons\" data-id=\"49a06a2\" data-element_type=\"widget\" data-widget_type=\"sina_social_icons.default\">\n\t\t\t\t<div class=\"elementor-widget-container\">\n\t\t\t\t\t\t\t<div class=\"sina-social-icons\">\r\n\t\t\t<ul class=\"sina-social\">\r\n\t\t\t\t\t\t\t\t\t<li class=\"elementor-repeater-item-621db33\">\r\n\t\t\t\t\t\t<a class=\"\"\r\n\t\t\t\t\t\thref=\"https:\/\/www.instagram.com\/duartemarineservices\/\"\r\n\t\t\t\t\t\t\t\t\t\t\t\t\ttarget=\"_blank\" \r\n\t\t\t\t\t\t\t\t\t\t\t\t>\r\n\t\t\t\t\t\t\t<i class=\"icofont icofont-instagram\"><\/i>\r\n\t\t\t\t\t\t<\/a>\r\n\t\t\t\t\t<\/li>\r\n\t\t\t\t\t\t\t\t\t<li class=\"elementor-repeater-item-cfce0d0\">\r\n\t\t\t\t\t\t<a class=\"\"\r\n\t\t\t\t\t\thref=\"https:\/\/fr-fr.facebook.com\/people\/Duarte-Marine-Services\/100054544236513\/\"\r\n\t\t\t\t\t\t\t\t\t\t\t\t\ttarget=\"_blank\" \r\n\t\t\t\t\t\t\t\t\t\t\t\t>\r\n\t\t\t\t\t\t\t<i class=\"icofont icofont-facebook\"><\/i>\r\n\t\t\t\t\t\t<\/a>\r\n\t\t\t\t\t<\/li>\r\n\t\t\t\t\t\t\t\t\t<li class=\"elementor-repeater-item-3710fb6\">\r\n\t\t\t\t\t\t<a class=\"\"\r\n\t\t\t\t\t\thref=\"https:\/\/www.youtube.com\/channel\/UCb4q558Ay1NjkqBcz7123zg\"\r\n\t\t\t\t\t\t\t\t\t\t\t\t\ttarget=\"_blank\" \r\n\t\t\t\t\t\t\t\t\t\t\t\t>\r\n\t\t\t\t\t\t\t<i class=\"icofont icofont-youtube-play\"><\/i>\r\n\t\t\t\t\t\t<\/a>\r\n\t\t\t\t\t<\/li>\r\n\t\t\t\t\t\t\t<\/ul>\r\n\t\t<\/div><!-- .sina-social-icons -->\r\n\t\t\t\t\t\t<\/div>\n\t\t\t\t<\/div>\n\t\t\t\t\t<\/div>\n\t\t<\/div>\n\t\t\t\t\t<\/div>\n\t\t<\/section>\n\t\t\t\t<section class=\"elementor-section elementor-top-section elementor-element elementor-element-f644a5b elementor-section-full_width elementor-section-stretched elementor-section-height-default elementor-section-height-default\" data-id=\"f644a5b\" data-element_type=\"section\" data-settings=\"{&quot;stretch_section&quot;:&quot;section-stretched&quot;}\">\n\t\t\t\t\t\t<div class=\"elementor-container elementor-column-gap-no\">\n\t\t\t\t\t<div class=\"elementor-column elementor-col-100 elementor-top-column elementor-element elementor-element-4b21067\" data-id=\"4b21067\" data-element_type=\"column\">\n\t\t\t<div class=\"elementor-widget-wrap elementor-element-populated\">\n\t\t\t\t\t\t<div class=\"elementor-element elementor-element-0f7394b elementor-widget elementor-widget-google_maps\" data-id=\"0f7394b\" data-element_type=\"widget\" data-widget_type=\"google_maps.default\">\n\t\t\t\t<div class=\"elementor-widget-container\">\n\t\t\t\t\t\t\t<div class=\"elementor-custom-embed\">\n\t\t\t<iframe loading=\"lazy\"\n\t\t\t\t\tsrc=\"https:\/\/maps.google.com\/maps?q=duarte%20marine%20services&#038;t=m&#038;z=10&#038;output=embed&#038;iwloc=near\"\n\t\t\t\t\ttitle=\"duarte marine services\"\n\t\t\t\t\taria-label=\"duarte marine services\"\n\t\t\t><\/iframe>\n\t\t<\/div>\n\t\t\t\t\t\t<\/div>\n\t\t\t\t<\/div>\n\t\t\t\t\t<\/div>\n\t\t<\/div>\n\t\t\t\t\t<\/div>\n\t\t<\/section>\n\t\t\t\t<\/div>\n\t\t","protected":false},"excerpt":{"rendered":"<p>Contactez nous Vous puvez nous cnntacter directement par t\u00e9l\u00e9phone ou tout simplement en utilisant le formulaire ci dessous: Bureau : 04 93 64 63 80Portable: 06 19 56 64 55 Veuillez activer JavaScript dans votre navigateur pour remplir ce formulaire.Nom *Email *Type de bateauBateau moteurVoilierVille de d\u00e9part *Ville d&#039;arriv\u00e9e *Date souhait\u00e9 et commentaire *Accord RGPD [&hellip;]<\/p>\n","protected":false},"author":1,"featured_media":0,"parent":0,"menu_order":0,"comment_status":"closed","ping_status":"closed","template":"","meta":{"footnotes":""},"yoast_head":"<!-- This site is optimized with the Yoast SEO plugin v22.6 - https:\/\/yoast.com\/wordpress\/plugins\/seo\/ -->\n<title>Contactez nous - Duarte Marine Services<\/title>\n<meta name=\"description\" content=\"Prenez contact avec Duarte Marine Services pour le transport de votre bateau\" \/>\n<meta name=\"robots\" content=\"index, follow, max-snippet:-1, max-image-preview:large, max-video-preview:-1\" \/>\n<link rel=\"canonical\" href=\"https:\/\/www.duarte-marine-services.com\/index.php\/contact-duarte-marine-services-2\/\" \/>\n<meta property=\"og:locale\" content=\"fr_FR\" \/>\n<meta property=\"og:type\" content=\"article\" \/>\n<meta property=\"og:title\" content=\"Contactez nous - Duarte Marine Services\" \/>\n<meta property=\"og:description\" content=\"Prenez contact avec Duarte Marine Services pour le transport de votre bateau\" \/>\n<meta property=\"og:url\" content=\"https:\/\/www.duarte-marine-services.com\/index.php\/contact-duarte-marine-services-2\/\" \/>\n<meta property=\"og:site_name\" content=\"Duarte Marine Services\" \/>\n<meta property=\"article:modified_time\" content=\"2023-10-26T16:58:50+00:00\" \/>\n<meta property=\"og:image\" content=\"https:\/\/www.duarte-marine-services.com\/wp-content\/uploads\/2021\/10\/dms2021.jpg\" \/>\n<meta name=\"twitter:card\" content=\"summary_large_image\" \/>\n<meta name=\"twitter:label1\" content=\"Dur\u00e9e de lecture estim\u00e9e\" \/>\n\t<meta name=\"twitter:data1\" content=\"1 minute\" \/>\n<script type=\"application\/ld+json\" class=\"yoast-schema-graph\">{\"@context\":\"https:\/\/schema.org\",\"@graph\":[{\"@type\":\"WebPage\",\"@id\":\"https:\/\/www.duarte-marine-services.com\/index.php\/contact-duarte-marine-services-2\/\",\"url\":\"https:\/\/www.duarte-marine-services.com\/index.php\/contact-duarte-marine-services-2\/\",\"name\":\"Contactez nous - Duarte Marine Services\",\"isPartOf\":{\"@id\":\"https:\/\/www.duarte-marine-services.com\/#website\"},\"primaryImageOfPage\":{\"@id\":\"https:\/\/www.duarte-marine-services.com\/index.php\/contact-duarte-marine-services-2\/#primaryimage\"},\"image\":{\"@id\":\"https:\/\/www.duarte-marine-services.com\/index.php\/contact-duarte-marine-services-2\/#primaryimage\"},\"thumbnailUrl\":\"https:\/\/www.duarte-marine-services.com\/wp-content\/uploads\/2021\/10\/dms2021.jpg\",\"datePublished\":\"2021-10-07T21:43:11+00:00\",\"dateModified\":\"2023-10-26T16:58:50+00:00\",\"description\":\"Prenez contact avec Duarte Marine Services pour le transport de votre bateau\",\"breadcrumb\":{\"@id\":\"https:\/\/www.duarte-marine-services.com\/index.php\/contact-duarte-marine-services-2\/#breadcrumb\"},\"inLanguage\":\"fr-FR\",\"potentialAction\":[{\"@type\":\"ReadAction\",\"target\":[\"https:\/\/www.duarte-marine-services.com\/index.php\/contact-duarte-marine-services-2\/\"]}]},{\"@type\":\"ImageObject\",\"inLanguage\":\"fr-FR\",\"@id\":\"https:\/\/www.duarte-marine-services.com\/index.php\/contact-duarte-marine-services-2\/#primaryimage\",\"url\":\"https:\/\/www.duarte-marine-services.com\/wp-content\/uploads\/2021\/10\/dms2021.jpg\",\"contentUrl\":\"https:\/\/www.duarte-marine-services.com\/wp-content\/uploads\/2021\/10\/dms2021.jpg\",\"width\":1920,\"height\":701},{\"@type\":\"BreadcrumbList\",\"@id\":\"https:\/\/www.duarte-marine-services.com\/index.php\/contact-duarte-marine-services-2\/#breadcrumb\",\"itemListElement\":[{\"@type\":\"ListItem\",\"position\":1,\"name\":\"Accueil\",\"item\":\"https:\/\/www.duarte-marine-services.com\/\"},{\"@type\":\"ListItem\",\"position\":2,\"name\":\"contact-duarte-marine-services\"}]},{\"@type\":\"WebSite\",\"@id\":\"https:\/\/www.duarte-marine-services.com\/#website\",\"url\":\"https:\/\/www.duarte-marine-services.com\/\",\"name\":\"Duarte Marine Services\",\"description\":\"Transport de bateaux\",\"publisher\":{\"@id\":\"https:\/\/www.duarte-marine-services.com\/#organization\"},\"potentialAction\":[{\"@type\":\"SearchAction\",\"target\":{\"@type\":\"EntryPoint\",\"urlTemplate\":\"https:\/\/www.duarte-marine-services.com\/?s={search_term_string}\"},\"query-input\":\"required name=search_term_string\"}],\"inLanguage\":\"fr-FR\"},{\"@type\":\"Organization\",\"@id\":\"https:\/\/www.duarte-marine-services.com\/#organization\",\"name\":\"Duarte Marine Services\",\"url\":\"https:\/\/www.duarte-marine-services.com\/\",\"logo\":{\"@type\":\"ImageObject\",\"inLanguage\":\"fr-FR\",\"@id\":\"https:\/\/www.duarte-marine-services.com\/#\/schema\/logo\/image\/\",\"url\":\"https:\/\/www.duarte-marine-services.com\/wp-content\/uploads\/2021\/10\/logo-duarte-marine-services-21.png\",\"contentUrl\":\"https:\/\/www.duarte-marine-services.com\/wp-content\/uploads\/2021\/10\/logo-duarte-marine-services-21.png\",\"width\":500,\"height\":138,\"caption\":\"Duarte Marine Services\"},\"image\":{\"@id\":\"https:\/\/www.duarte-marine-services.com\/#\/schema\/logo\/image\/\"}}]}<\/script>\n<!-- \/ Yoast SEO plugin. -->","yoast_head_json":{"title":"Contactez nous - Duarte Marine Services","description":"Prenez contact avec Duarte Marine Services pour le transport de votre bateau","robots":{"index":"index","follow":"follow","max-snippet":"max-snippet:-1","max-image-preview":"max-image-preview:large","max-video-preview":"max-video-preview:-1"},"canonical":"https:\/\/www.duarte-marine-services.com\/index.php\/contact-duarte-marine-services-2\/","og_locale":"fr_FR","og_type":"article","og_title":"Contactez nous - Duarte Marine Services","og_description":"Prenez contact avec Duarte Marine Services pour le transport de votre bateau","og_url":"https:\/\/www.duarte-marine-services.com\/index.php\/contact-duarte-marine-services-2\/","og_site_name":"Duarte Marine Services","article_modified_time":"2023-10-26T16:58:50+00:00","og_image":[{"url":"https:\/\/www.duarte-marine-services.com\/wp-content\/uploads\/2021\/10\/dms2021.jpg"}],"twitter_card":"summary_large_image","twitter_misc":{"Dur\u00e9e de lecture estim\u00e9e":"1 minute"},"schema":{"@context":"https:\/\/schema.org","@graph":[{"@type":"WebPage","@id":"https:\/\/www.duarte-marine-services.com\/index.php\/contact-duarte-marine-services-2\/","url":"https:\/\/www.duarte-marine-services.com\/index.php\/contact-duarte-marine-services-2\/","name":"Contactez nous - Duarte Marine Services","isPartOf":{"@id":"https:\/\/www.duarte-marine-services.com\/#website"},"primaryImageOfPage":{"@id":"https:\/\/www.duarte-marine-services.com\/index.php\/contact-duarte-marine-services-2\/#primaryimage"},"image":{"@id":"https:\/\/www.duarte-marine-services.com\/index.php\/contact-duarte-marine-services-2\/#primaryimage"},"thumbnailUrl":"https:\/\/www.duarte-marine-services.com\/wp-content\/uploads\/2021\/10\/dms2021.jpg","datePublished":"2021-10-07T21:43:11+00:00","dateModified":"2023-10-26T16:58:50+00:00","description":"Prenez contact avec Duarte Marine Services pour le transport de votre bateau","breadcrumb":{"@id":"https:\/\/www.duarte-marine-services.com\/index.php\/contact-duarte-marine-services-2\/#breadcrumb"},"inLanguage":"fr-FR","potentialAction":[{"@type":"ReadAction","target":["https:\/\/www.duarte-marine-services.com\/index.php\/contact-duarte-marine-services-2\/"]}]},{"@type":"ImageObject","inLanguage":"fr-FR","@id":"https:\/\/www.duarte-marine-services.com\/index.php\/contact-duarte-marine-services-2\/#primaryimage","url":"https:\/\/www.duarte-marine-services.com\/wp-content\/uploads\/2021\/10\/dms2021.jpg","contentUrl":"https:\/\/www.duarte-marine-services.com\/wp-content\/uploads\/2021\/10\/dms2021.jpg","width":1920,"height":701},{"@type":"BreadcrumbList","@id":"https:\/\/www.duarte-marine-services.com\/index.php\/contact-duarte-marine-services-2\/#breadcrumb","itemListElement":[{"@type":"ListItem","position":1,"name":"Accueil","item":"https:\/\/www.duarte-marine-services.com\/"},{"@type":"ListItem","position":2,"name":"contact-duarte-marine-services"}]},{"@type":"WebSite","@id":"https:\/\/www.duarte-marine-services.com\/#website","url":"https:\/\/www.duarte-marine-services.com\/","name":"Duarte Marine Services","description":"Transport de bateaux","publisher":{"@id":"https:\/\/www.duarte-marine-services.com\/#organization"},"potentialAction":[{"@type":"SearchAction","target":{"@type":"EntryPoint","urlTemplate":"https:\/\/www.duarte-marine-services.com\/?s={search_term_string}"},"query-input":"required name=search_term_string"}],"inLanguage":"fr-FR"},{"@type":"Organization","@id":"https:\/\/www.duarte-marine-services.com\/#organization","name":"Duarte Marine Services","url":"https:\/\/www.duarte-marine-services.com\/","logo":{"@type":"ImageObject","inLanguage":"fr-FR","@id":"https:\/\/www.duarte-marine-services.com\/#\/schema\/logo\/image\/","url":"https:\/\/www.duarte-marine-services.com\/wp-content\/uploads\/2021\/10\/logo-duarte-marine-services-21.png","contentUrl":"https:\/\/www.duarte-marine-services.com\/wp-content\/uploads\/2021\/10\/logo-duarte-marine-services-21.png","width":500,"height":138,"caption":"Duarte Marine Services"},"image":{"@id":"https:\/\/www.duarte-marine-services.com\/#\/schema\/logo\/image\/"}}]}},"_links":{"self":[{"href":"https:\/\/www.duarte-marine-services.com\/index.php\/wp-json\/wp\/v2\/pages\/295"}],"collection":[{"href":"https:\/\/www.duarte-marine-services.com\/index.php\/wp-json\/wp\/v2\/pages"}],"about":[{"href":"https:\/\/www.duarte-marine-services.com\/index.php\/wp-json\/wp\/v2\/types\/page"}],"author":[{"embeddable":true,"href":"https:\/\/www.duarte-marine-services.com\/index.php\/wp-json\/wp\/v2\/users\/1"}],"replies":[{"embeddable":true,"href":"https:\/\/www.duarte-marine-services.com\/index.php\/wp-json\/wp\/v2\/comments?post=295"}],"version-history":[{"count":58,"href":"https:\/\/www.duarte-marine-services.com\/index.php\/wp-json\/wp\/v2\/pages\/295\/revisions"}],"predecessor-version":[{"id":458,"href":"https:\/\/www.duarte-marine-services.com\/index.php\/wp-json\/wp\/v2\/pages\/295\/revisions\/458"}],"wp:attachment":[{"href":"https:\/\/www.duarte-marine-services.com\/index.php\/wp-json\/wp\/v2\/media?parent=295"}],"curies":[{"name":"wp","href":"https:\/\/api.w.org\/{rel}","templated":true}]}}