{"id":198,"date":"2021-10-07T16:33:43","date_gmt":"2021-10-07T14:33:43","guid":{"rendered":"https:\/\/duarte-marine-services.com\/?page_id=198"},"modified":"2024-03-26T16:17:34","modified_gmt":"2024-03-26T15:17:34","slug":"mecanique-marine-cannes-antibes-mandelieu","status":"publish","type":"page","link":"https:\/\/www.duarte-marine-services.com\/index.php\/mecanique-marine-cannes-antibes-mandelieu\/","title":{"rendered":"mecanique-marine-cannes-antibes-mandelieu"},"content":{"rendered":"\t\t<div data-elementor-type=\"wp-page\" data-elementor-id=\"198\" class=\"elementor elementor-198\">\n\t\t\t\t\t\t<section class=\"elementor-section elementor-top-section elementor-element elementor-element-98bf481 elementor-section-full_width elementor-section-stretched elementor-section-height-min-height elementor-section-height-default elementor-section-items-middle elementor-invisible\" data-id=\"98bf481\" data-element_type=\"section\" data-settings=\"{&quot;stretch_section&quot;:&quot;section-stretched&quot;,&quot;background_background&quot;:&quot;slideshow&quot;,&quot;background_slideshow_gallery&quot;:[{&quot;id&quot;:200,&quot;url&quot;:&quot;https:\\\/\\\/www.duarte-marine-services.com\\\/wp-content\\\/uploads\\\/2021\\\/10\\\/mecanique-marine.jpg&quot;},{&quot;id&quot;:201,&quot;url&quot;:&quot;https:\\\/\\\/www.duarte-marine-services.com\\\/wp-content\\\/uploads\\\/2021\\\/10\\\/mecanique-marine-cannes.jpg&quot;}],&quot;animation&quot;:&quot;fadeIn&quot;,&quot;background_slideshow_loop&quot;:&quot;yes&quot;,&quot;background_slideshow_slide_duration&quot;:5000,&quot;background_slideshow_slide_transition&quot;:&quot;fade&quot;,&quot;background_slideshow_transition_duration&quot;:500}\">\n\t\t\t\t\t\t<div class=\"elementor-container elementor-column-gap-default\">\n\t\t\t\t\t<div class=\"elementor-column elementor-col-100 elementor-top-column elementor-element elementor-element-6f9432b\" data-id=\"6f9432b\" data-element_type=\"column\">\n\t\t\t<div class=\"elementor-widget-wrap elementor-element-populated\">\n\t\t\t\t\t\t<div class=\"elementor-element elementor-element-96b1897 animated-slow elementor-invisible elementor-widget elementor-widget-heading\" data-id=\"96b1897\" data-element_type=\"widget\" data-settings=\"{&quot;_animation&quot;:&quot;zoomIn&quot;}\" data-widget_type=\"heading.default\">\n\t\t\t\t<div class=\"elementor-widget-container\">\n\t\t\t\t\t<h2 class=\"elementor-heading-title elementor-size-xl\">M\u00e9canique marine<\/h2>\t\t\t\t<\/div>\n\t\t\t\t<\/div>\n\t\t\t\t\t<\/div>\n\t\t<\/div>\n\t\t\t\t\t<\/div>\n\t\t<\/section>\n\t\t\t\t<section class=\"elementor-section elementor-top-section elementor-element elementor-element-4937881 elementor-section-boxed elementor-section-height-default elementor-section-height-default\" data-id=\"4937881\" data-element_type=\"section\">\n\t\t\t\t\t\t<div class=\"elementor-container elementor-column-gap-default\">\n\t\t\t\t\t<div class=\"elementor-column elementor-col-100 elementor-top-column elementor-element elementor-element-90a685c\" data-id=\"90a685c\" data-element_type=\"column\">\n\t\t\t<div class=\"elementor-widget-wrap elementor-element-populated\">\n\t\t\t\t\t\t<div class=\"elementor-element elementor-element-eaca8c6 animated-fast elementor-invisible elementor-widget elementor-widget-heading\" data-id=\"eaca8c6\" data-element_type=\"widget\" data-settings=\"{&quot;_animation&quot;:&quot;fadeIn&quot;}\" data-widget_type=\"heading.default\">\n\t\t\t\t<div class=\"elementor-widget-container\">\n\t\t\t\t\t<h1 class=\"elementor-heading-title elementor-size-default\">M\u00e9canique marine et maintenance toutes marques<\/h1>\t\t\t\t<\/div>\n\t\t\t\t<\/div>\n\t\t\t\t<div class=\"elementor-element elementor-element-e800213 elementor-widget elementor-widget-text-editor\" data-id=\"e800213\" data-element_type=\"widget\" data-widget_type=\"text-editor.default\">\n\t\t\t\t<div class=\"elementor-widget-container\">\n\t\t\t\t\t\t\t\t\t<p>Si les services de transport fondent l\u2019essentiel de l\u2019activit\u00e9 de la soci\u00e9t\u00e9, Duarte Marine Services est \u00e9galement sp\u00e9cialis\u00e9e dans la m\u00e9canique marine et le d\u00e9pannage de votre \u00e9quipement, quelle que soit la marque. A chaque instant, nous intervenons sur votre m\u00e9canique bateaux en respectant scrupuleusement les r\u00e8gles de s\u00e9curit\u00e9 ainsi que la r\u00e9glementation en vigueur.<\/p>\t\t\t\t\t\t\t\t<\/div>\n\t\t\t\t<\/div>\n\t\t\t\t<div class=\"elementor-element elementor-element-056f198 elementor-invisible elementor-widget elementor-widget-heading\" data-id=\"056f198\" data-element_type=\"widget\" data-settings=\"{&quot;_animation&quot;:&quot;fadeIn&quot;}\" data-widget_type=\"heading.default\">\n\t\t\t\t<div class=\"elementor-widget-container\">\n\t\t\t\t\t<h2 class=\"elementor-heading-title elementor-size-default\">Maintenance \u00e0 flot et r\u00e9visions<\/h2>\t\t\t\t<\/div>\n\t\t\t\t<\/div>\n\t\t\t\t<div class=\"elementor-element elementor-element-ea3c3c9 elementor-widget elementor-widget-text-editor\" data-id=\"ea3c3c9\" data-element_type=\"widget\" data-widget_type=\"text-editor.default\">\n\t\t\t\t<div class=\"elementor-widget-container\">\n\t\t\t\t\t\t\t\t\t<p>La maintenance \u00e0 flot de votre bateau consiste en la v\u00e9rification d\u2019un certain nombre de points sensibles, selon une p\u00e9riodicit\u00e9 \u00e0 \u00e9tablir avec votre interlocuteur \u2013 g\u00e9n\u00e9ralement, un technicien se d\u00e9place deux fois par mois pour effectuer la r\u00e9vision moteur, il en profite \u00e9galement pour contr\u00f4ler l\u2019amarrage du bateau ainsi que son environnement direct.<\/p>\t\t\t\t\t\t\t\t<\/div>\n\t\t\t\t<\/div>\n\t\t\t\t<div class=\"elementor-element elementor-element-f814ca7 animated-slow elementor-invisible elementor-widget elementor-widget-heading\" data-id=\"f814ca7\" data-element_type=\"widget\" data-settings=\"{&quot;_animation&quot;:&quot;fadeIn&quot;}\" data-widget_type=\"heading.default\">\n\t\t\t\t<div class=\"elementor-widget-container\">\n\t\t\t\t\t<h2 class=\"elementor-heading-title elementor-size-default\">Transport moteur dans nos ateliers et r\u00e9fection<\/h2>\t\t\t\t<\/div>\n\t\t\t\t<\/div>\n\t\t\t\t<div class=\"elementor-element elementor-element-294f9dc elementor-widget elementor-widget-text-editor\" data-id=\"294f9dc\" data-element_type=\"widget\" data-widget_type=\"text-editor.default\">\n\t\t\t\t<div class=\"elementor-widget-container\">\n\t\t\t\t\t\t\t\t\t<p>La r\u00e9fection moteur bateau en atelier est \u00e9galement prise en charge par nos services : nous nous occupons ainsi de sortir votre bateau de l\u2019eau, et nous prenons en charge le transport ainsi que l\u2019entretien de votre m\u00e9canique bateaux dans notre atelier. Le savoir-faire technique de notre \u00e9quipe nous permet \u00e9galement de proposer la pose ou le remplacement de pi\u00e8ces (syst\u00e8me de direction m\u00e9canique ou hydraulique, pose d\u2019accessoires de confort, etc..). Confiez-nous d\u00e8s maintenant votre m\u00e9canique et b\u00e9n\u00e9ficiez d&rsquo;une prestation de qualit\u00e9 garantie.<\/p>\t\t\t\t\t\t\t\t<\/div>\n\t\t\t\t<\/div>\n\t\t\t\t\t<\/div>\n\t\t<\/div>\n\t\t\t\t\t<\/div>\n\t\t<\/section>\n\t\t\t\t<\/div>\n\t\t","protected":false},"excerpt":{"rendered":"<p>M\u00e9canique marine M\u00e9canique marine et maintenance toutes marques Si les services de transport fondent l\u2019essentiel de l\u2019activit\u00e9 de la soci\u00e9t\u00e9, Duarte Marine Services est \u00e9galement sp\u00e9cialis\u00e9e dans la m\u00e9canique marine et le d\u00e9pannage de votre \u00e9quipement, quelle que soit la marque. A chaque instant, nous intervenons sur votre m\u00e9canique bateaux en respectant scrupuleusement les r\u00e8gles [&hellip;]<\/p>\n","protected":false},"author":1,"featured_media":0,"parent":0,"menu_order":0,"comment_status":"closed","ping_status":"closed","template":"","meta":{"footnotes":""},"yoast_head":"<!-- This site is optimized with the Yoast SEO plugin v22.6 - https:\/\/yoast.com\/wordpress\/plugins\/seo\/ -->\n<title>M\u00e9canique marine, Cannes, Antibes, Golfe-Juan, Madelieu<\/title>\n<meta name=\"description\" content=\"M\u00e9canique marine toutes marques, Cannes, Golfe-Juan, Antibes, Mandelieu. Volvo, Caterpillar, Mercury, Man\" \/>\n<meta name=\"robots\" content=\"index, follow, max-snippet:-1, max-image-preview:large, max-video-preview:-1\" \/>\n<link rel=\"canonical\" href=\"https:\/\/www.duarte-marine-services.com\/index.php\/mecanique-marine-cannes-antibes-mandelieu\/\" \/>\n<meta property=\"og:locale\" content=\"fr_FR\" \/>\n<meta property=\"og:type\" content=\"article\" \/>\n<meta property=\"og:title\" content=\"M\u00e9canique marine, Cannes, Antibes, Golfe-Juan, Madelieu\" \/>\n<meta property=\"og:description\" content=\"M\u00e9canique marine toutes marques, Cannes, Golfe-Juan, Antibes, Mandelieu. Volvo, Caterpillar, Mercury, Man\" \/>\n<meta property=\"og:url\" content=\"https:\/\/www.duarte-marine-services.com\/index.php\/mecanique-marine-cannes-antibes-mandelieu\/\" \/>\n<meta property=\"og:site_name\" content=\"Duarte Marine Services\" \/>\n<meta property=\"article:modified_time\" content=\"2024-03-26T15:17:34+00:00\" \/>\n<meta name=\"twitter:card\" content=\"summary_large_image\" \/>\n<meta name=\"twitter:label1\" content=\"Dur\u00e9e de lecture estim\u00e9e\" \/>\n\t<meta name=\"twitter:data1\" content=\"2 minutes\" \/>\n<script type=\"application\/ld+json\" class=\"yoast-schema-graph\">{\"@context\":\"https:\/\/schema.org\",\"@graph\":[{\"@type\":\"WebPage\",\"@id\":\"https:\/\/www.duarte-marine-services.com\/index.php\/mecanique-marine-cannes-antibes-mandelieu\/\",\"url\":\"https:\/\/www.duarte-marine-services.com\/index.php\/mecanique-marine-cannes-antibes-mandelieu\/\",\"name\":\"M\u00e9canique marine, Cannes, Antibes, Golfe-Juan, Madelieu\",\"isPartOf\":{\"@id\":\"https:\/\/www.duarte-marine-services.com\/#website\"},\"datePublished\":\"2021-10-07T14:33:43+00:00\",\"dateModified\":\"2024-03-26T15:17:34+00:00\",\"description\":\"M\u00e9canique marine toutes marques, Cannes, Golfe-Juan, Antibes, Mandelieu. Volvo, Caterpillar, Mercury, Man\",\"breadcrumb\":{\"@id\":\"https:\/\/www.duarte-marine-services.com\/index.php\/mecanique-marine-cannes-antibes-mandelieu\/#breadcrumb\"},\"inLanguage\":\"fr-FR\",\"potentialAction\":[{\"@type\":\"ReadAction\",\"target\":[\"https:\/\/www.duarte-marine-services.com\/index.php\/mecanique-marine-cannes-antibes-mandelieu\/\"]}]},{\"@type\":\"BreadcrumbList\",\"@id\":\"https:\/\/www.duarte-marine-services.com\/index.php\/mecanique-marine-cannes-antibes-mandelieu\/#breadcrumb\",\"itemListElement\":[{\"@type\":\"ListItem\",\"position\":1,\"name\":\"Accueil\",\"item\":\"https:\/\/www.duarte-marine-services.com\/\"},{\"@type\":\"ListItem\",\"position\":2,\"name\":\"mecanique-marine-cannes-antibes-mandelieu\"}]},{\"@type\":\"WebSite\",\"@id\":\"https:\/\/www.duarte-marine-services.com\/#website\",\"url\":\"https:\/\/www.duarte-marine-services.com\/\",\"name\":\"Duarte Marine Services\",\"description\":\"Transport de bateaux\",\"publisher\":{\"@id\":\"https:\/\/www.duarte-marine-services.com\/#organization\"},\"potentialAction\":[{\"@type\":\"SearchAction\",\"target\":{\"@type\":\"EntryPoint\",\"urlTemplate\":\"https:\/\/www.duarte-marine-services.com\/?s={search_term_string}\"},\"query-input\":\"required name=search_term_string\"}],\"inLanguage\":\"fr-FR\"},{\"@type\":\"Organization\",\"@id\":\"https:\/\/www.duarte-marine-services.com\/#organization\",\"name\":\"Duarte Marine Services\",\"url\":\"https:\/\/www.duarte-marine-services.com\/\",\"logo\":{\"@type\":\"ImageObject\",\"inLanguage\":\"fr-FR\",\"@id\":\"https:\/\/www.duarte-marine-services.com\/#\/schema\/logo\/image\/\",\"url\":\"https:\/\/www.duarte-marine-services.com\/wp-content\/uploads\/2021\/10\/logo-duarte-marine-services-21.png\",\"contentUrl\":\"https:\/\/www.duarte-marine-services.com\/wp-content\/uploads\/2021\/10\/logo-duarte-marine-services-21.png\",\"width\":500,\"height\":138,\"caption\":\"Duarte Marine Services\"},\"image\":{\"@id\":\"https:\/\/www.duarte-marine-services.com\/#\/schema\/logo\/image\/\"}}]}<\/script>\n<!-- \/ Yoast SEO plugin. -->","yoast_head_json":{"title":"M\u00e9canique marine, Cannes, Antibes, Golfe-Juan, Madelieu","description":"M\u00e9canique marine toutes marques, Cannes, Golfe-Juan, Antibes, Mandelieu. Volvo, Caterpillar, Mercury, Man","robots":{"index":"index","follow":"follow","max-snippet":"max-snippet:-1","max-image-preview":"max-image-preview:large","max-video-preview":"max-video-preview:-1"},"canonical":"https:\/\/www.duarte-marine-services.com\/index.php\/mecanique-marine-cannes-antibes-mandelieu\/","og_locale":"fr_FR","og_type":"article","og_title":"M\u00e9canique marine, Cannes, Antibes, Golfe-Juan, Madelieu","og_description":"M\u00e9canique marine toutes marques, Cannes, Golfe-Juan, Antibes, Mandelieu. Volvo, Caterpillar, Mercury, Man","og_url":"https:\/\/www.duarte-marine-services.com\/index.php\/mecanique-marine-cannes-antibes-mandelieu\/","og_site_name":"Duarte Marine Services","article_modified_time":"2024-03-26T15:17:34+00:00","twitter_card":"summary_large_image","twitter_misc":{"Dur\u00e9e de lecture estim\u00e9e":"2 minutes"},"schema":{"@context":"https:\/\/schema.org","@graph":[{"@type":"WebPage","@id":"https:\/\/www.duarte-marine-services.com\/index.php\/mecanique-marine-cannes-antibes-mandelieu\/","url":"https:\/\/www.duarte-marine-services.com\/index.php\/mecanique-marine-cannes-antibes-mandelieu\/","name":"M\u00e9canique marine, Cannes, Antibes, Golfe-Juan, Madelieu","isPartOf":{"@id":"https:\/\/www.duarte-marine-services.com\/#website"},"datePublished":"2021-10-07T14:33:43+00:00","dateModified":"2024-03-26T15:17:34+00:00","description":"M\u00e9canique marine toutes marques, Cannes, Golfe-Juan, Antibes, Mandelieu. Volvo, Caterpillar, Mercury, Man","breadcrumb":{"@id":"https:\/\/www.duarte-marine-services.com\/index.php\/mecanique-marine-cannes-antibes-mandelieu\/#breadcrumb"},"inLanguage":"fr-FR","potentialAction":[{"@type":"ReadAction","target":["https:\/\/www.duarte-marine-services.com\/index.php\/mecanique-marine-cannes-antibes-mandelieu\/"]}]},{"@type":"BreadcrumbList","@id":"https:\/\/www.duarte-marine-services.com\/index.php\/mecanique-marine-cannes-antibes-mandelieu\/#breadcrumb","itemListElement":[{"@type":"ListItem","position":1,"name":"Accueil","item":"https:\/\/www.duarte-marine-services.com\/"},{"@type":"ListItem","position":2,"name":"mecanique-marine-cannes-antibes-mandelieu"}]},{"@type":"WebSite","@id":"https:\/\/www.duarte-marine-services.com\/#website","url":"https:\/\/www.duarte-marine-services.com\/","name":"Duarte Marine Services","description":"Transport de bateaux","publisher":{"@id":"https:\/\/www.duarte-marine-services.com\/#organization"},"potentialAction":[{"@type":"SearchAction","target":{"@type":"EntryPoint","urlTemplate":"https:\/\/www.duarte-marine-services.com\/?s={search_term_string}"},"query-input":"required name=search_term_string"}],"inLanguage":"fr-FR"},{"@type":"Organization","@id":"https:\/\/www.duarte-marine-services.com\/#organization","name":"Duarte Marine Services","url":"https:\/\/www.duarte-marine-services.com\/","logo":{"@type":"ImageObject","inLanguage":"fr-FR","@id":"https:\/\/www.duarte-marine-services.com\/#\/schema\/logo\/image\/","url":"https:\/\/www.duarte-marine-services.com\/wp-content\/uploads\/2021\/10\/logo-duarte-marine-services-21.png","contentUrl":"https:\/\/www.duarte-marine-services.com\/wp-content\/uploads\/2021\/10\/logo-duarte-marine-services-21.png","width":500,"height":138,"caption":"Duarte Marine Services"},"image":{"@id":"https:\/\/www.duarte-marine-services.com\/#\/schema\/logo\/image\/"}}]}},"_links":{"self":[{"href":"https:\/\/www.duarte-marine-services.com\/index.php\/wp-json\/wp\/v2\/pages\/198"}],"collection":[{"href":"https:\/\/www.duarte-marine-services.com\/index.php\/wp-json\/wp\/v2\/pages"}],"about":[{"href":"https:\/\/www.duarte-marine-services.com\/index.php\/wp-json\/wp\/v2\/types\/page"}],"author":[{"embeddable":true,"href":"https:\/\/www.duarte-marine-services.com\/index.php\/wp-json\/wp\/v2\/users\/1"}],"replies":[{"embeddable":true,"href":"https:\/\/www.duarte-marine-services.com\/index.php\/wp-json\/wp\/v2\/comments?post=198"}],"version-history":[{"count":85,"href":"https:\/\/www.duarte-marine-services.com\/index.php\/wp-json\/wp\/v2\/pages\/198\/revisions"}],"predecessor-version":[{"id":479,"href":"https:\/\/www.duarte-marine-services.com\/index.php\/wp-json\/wp\/v2\/pages\/198\/revisions\/479"}],"wp:attachment":[{"href":"https:\/\/www.duarte-marine-services.com\/index.php\/wp-json\/wp\/v2\/media?parent=198"}],"curies":[{"name":"wp","href":"https:\/\/api.w.org\/{rel}","templated":true}]}}